{"id":827,"date":"2025-01-29T10:57:49","date_gmt":"2025-01-29T09:57:49","guid":{"rendered":"https:\/\/therapat.fr\/?page_id=827"},"modified":"2025-01-29T10:57:50","modified_gmt":"2025-01-29T09:57:50","slug":"interpretation-des-reves","status":"publish","type":"page","link":"https:\/\/www.therapat.fr\/index.php\/interpretation-des-reves\/","title":{"rendered":"Interpr\u00e9tation des r\u00eaves"},"content":{"rendered":"\n<h2 class=\"wp-block-heading has-luminous-vivid-amber-color has-black-background-color has-text-color has-background has-medium-font-size\" style=\"font-style:normal;font-weight:700\"><strong>Interpr\u00e9tation des R\u00eaves Inspir\u00e9e par Carl Gustav Jung : D\u00e9couvrez Votre \u00c2me \u00e0 Travers vos R\u00eaves<\/strong><\/h2>\n\n\n\n<p>L&rsquo;interpr\u00e9tation des r\u00eaves est une voie fascinante vers la compr\u00e9hension de soi, et c&rsquo;est avec l&rsquo;inspiration de Carl Gustav Jung que je vous invite \u00e0 explorer ce monde myst\u00e9rieux et profond. En tant que psycho-praticienne j&rsquo;utilise l&rsquo;interpr\u00e9tation des r\u00eaves. Ma m\u00e9thode s&rsquo;appuie sur les enseignements de Jung pour vous aider \u00e0 d\u00e9chiffrer les messages cach\u00e9s dans vos r\u00eaves. Ainsi, cela vous permettra de mieux comprendre votre psych\u00e9 individuelle et de progresser sur la voie de l&rsquo;individuation.<\/p>\n\n\n\n<div class=\"wp-block-cover aligncenter\" id=\"r\u00eaves\"><span aria-hidden=\"true\" class=\"wp-block-cover__background has-background-dim\"><\/span><img loading=\"lazy\" decoding=\"async\" width=\"276\" height=\"183\" class=\"wp-block-cover__image-background wp-image-914\" alt=\"\" src=\"https:\/\/www.therapat.fr\/wp-content\/uploads\/2023\/11\/images.jpeg\" data-object-fit=\"cover\"\/><div class=\"wp-block-cover__inner-container is-layout-flow wp-block-cover-is-layout-flow\">\n<p class=\"has-text-align-center has-large-font-size\">Le r\u00eave, un monde myst\u00e9rieux et profond<\/p>\n<\/div><\/div>\n\n\n\n<h2 class=\"wp-block-heading has-luminous-vivid-amber-color has-black-background-color has-text-color has-background has-medium-font-size\" style=\"font-style:normal;font-weight:700\"><strong>La Psychologie Jungienne au C\u0153ur de l&rsquo;Interpr\u00e9tation des R\u00eaves<\/strong><\/h2>\n\n\n\n<p>La psychologie de Jung propose une perspective unique de l&rsquo;inconscient, en consid\u00e9rant \u00e0 la fois l&rsquo;inconscient personnel et l&rsquo;inconscient collectif. L&rsquo;inconscient collectif renferme des arch\u00e9types, des symboles et des th\u00e8mes universels qui se manifestent souvent dans nos r\u00eaves. Mon approche s&rsquo;inspire de cette richesse conceptuelle pour d\u00e9coder les symboles et les arch\u00e9types pr\u00e9sents dans vos r\u00eaves.<\/p>\n\n\n\n<h2 class=\"wp-block-heading has-luminous-vivid-amber-color has-black-background-color has-text-color has-background has-medium-font-size\" style=\"font-style:normal;font-weight:700\"><strong>Comprendre les Messages de l&rsquo;Inconscient<\/strong><\/h2>\n\n\n\n<p>C&rsquo;est pourquoi lors de nos s\u00e9ances d&rsquo;interpr\u00e9tation des r\u00eaves, nous explorerons ensemble les r\u00e9cits de vos r\u00eaves, en identifiant les arch\u00e9types et les symboles qui y sont enfouis. Car ces \u00e9l\u00e9ments ne sont pas des simples r\u00eaveries. Ce sont des messages de votre inconscient, r\u00e9v\u00e9lateurs de vos pr\u00e9occupations, de vos conflits internes et de vos aspirations profondes.<\/p>\n\n\n\n<p>Gr\u00e2ce \u00e0 l&rsquo;interpr\u00e9tation des r\u00eaves, nous pouvons d\u00e9nouer les myst\u00e8res de vos r\u00eaves. Et ainsi \u00e9clairer votre chemin vers l&rsquo;individuation, le processus de devenir la meilleure version de vous-m\u00eame. En reconnaissant et en int\u00e9grant ces aspects de votre inconscient, vous pouvez atteindre un \u00e9panouissement personnel et un \u00e9quilibre int\u00e9rieur.<\/p>\n\n\n<div class=\"wp-block-image\">\n<figure class=\"aligncenter size-full\" id=\"r\u00eaves\"><img loading=\"lazy\" decoding=\"async\" width=\"450\" height=\"287\" src=\"https:\/\/www.therapat.fr\/wp-content\/uploads\/2023\/11\/43347264-prenez-moi-au-reve-2.jpg\" alt=\"\" class=\"wp-image-864\" title=\"myst\u00e8re des r\u00eaves\" srcset=\"https:\/\/www.therapat.fr\/wp-content\/uploads\/2023\/11\/43347264-prenez-moi-au-reve-2.jpg 450w, https:\/\/www.therapat.fr\/wp-content\/uploads\/2023\/11\/43347264-prenez-moi-au-reve-2-300x191.jpg 300w\" sizes=\"auto, (max-width: 450px) 100vw, 450px\" \/><figcaption class=\"wp-element-caption\">Le myst\u00e8re de vos r\u00eaves<\/figcaption><\/figure>\n<\/div>\n\n\n<h2 class=\"wp-block-heading has-luminous-vivid-amber-color has-black-background-color has-text-color has-background has-medium-font-size\" style=\"font-style:normal;font-weight:700\"><strong>Votre Qu\u00eate Personnelle<\/strong><\/h2>\n\n\n\n<p>Chaque s\u00e9ance d&rsquo;interpr\u00e9tation des r\u00eaves sera une \u00e9tape sur votre voyage vers la d\u00e9couverte de votre \u00e2me. En travaillant ensemble, nous mettrons en lumi\u00e8re les messages enfouis dans vos r\u00eaves, vous aidant \u00e0 mieux vous conna\u00eetre. A surmonter les d\u00e9fis de la vie quotidienne et \u00e0 vous aligner avec votre v\u00e9ritable nature.<\/p>\n\n\n\n<p>L&rsquo;interpr\u00e9tation des r\u00eaves inspir\u00e9e par Carl Gustav Jung est une exp\u00e9rience profonde et transformative. C&rsquo;est une invitation \u00e0 explorer votre monde int\u00e9rieur, \u00e0 d\u00e9couvrir les tr\u00e9sors cach\u00e9s de votre psych\u00e9. Et ainsi \u00e0 avancer vers une r\u00e9alisation plus compl\u00e8te de vous-m\u00eame.<\/p>\n\n\n\n<p>Si vous souhaitez plonger dans le monde fascinant de l&rsquo;interpr\u00e9tation des r\u00eaves, je suis l\u00e0 pour vous guider sur ce chemin de d\u00e9couverte de votre \u00e2me. Car les r\u00eaves sont des portes ouvertes vers votre propre psych\u00e9. Alors ensemble, nous pouvons d\u00e9verrouiller leur v\u00e9ritable potentiel pour votre d\u00e9veloppement personnel.<\/p>\n\n\n\n<div class=\"wp-block-buttons is-layout-flex wp-block-buttons-is-layout-flex\">\n<div class=\"wp-block-button\"><a class=\"wp-block-button__link has-black-color has-luminous-vivid-amber-to-luminous-vivid-orange-gradient-background has-text-color has-background wp-element-button\" href=\"http:\/\/therapat.fr\/index.php\/contact-lien-rdv-consultation\/\">Contactez-moi<\/a><\/div>\n\n\n\n<div class=\"wp-block-button\"><a class=\"wp-block-button__link has-black-color has-luminous-vivid-amber-to-luminous-vivid-orange-gradient-background has-text-color has-background wp-element-button\" href=\"http:\/\/resalib.fr\/praticien\/67057-patricia-deneuve-psychopraticienne-hypnotherapeute-angerville-bailleul#newrdvmodal(ouvre un nouvel onglet) resalib.fr\/praticien\/67057-patricia-deneuve-psychopraticienne-hypnotherapeute-angerville-bailleul#newrdvmodal\">PRENDRE RENDEZ-VOUS sur R\u00c9SALIB<\/a><\/div>\n<\/div>\n\n\n\n<ul class=\"wp-block-social-links is-layout-flex wp-block-social-links-is-layout-flex\"><li class=\"wp-social-link wp-social-link-facebook  wp-block-social-link\"><a href=\"https:\/\/www.facebook.com\/patricia.deneuve.986\" class=\"wp-block-social-link-anchor\"><svg width=\"24\" height=\"24\" viewBox=\"0 0 24 24\" version=\"1.1\" xmlns=\"http:\/\/www.w3.org\/2000\/svg\" aria-hidden=\"true\" focusable=\"false\"><path d=\"M12 2C6.5 2 2 6.5 2 12c0 5 3.7 9.1 8.4 9.9v-7H7.9V12h2.5V9.8c0-2.5 1.5-3.9 3.8-3.9 1.1 0 2.2.2 2.2.2v2.5h-1.3c-1.2 0-1.6.8-1.6 1.6V12h2.8l-.4 2.9h-2.3v7C18.3 21.1 22 17 22 12c0-5.5-4.5-10-10-10z\"><\/path><\/svg><span class=\"wp-block-social-link-label screen-reader-text\">Facebook<\/span><\/a><\/li>\n\n<li class=\"wp-social-link wp-social-link-instagram  wp-block-social-link\"><a href=\"https:\/\/www.instagram.com\/therapatou\/\" class=\"wp-block-social-link-anchor\"><svg width=\"24\" height=\"24\" viewBox=\"0 0 24 24\" version=\"1.1\" xmlns=\"http:\/\/www.w3.org\/2000\/svg\" aria-hidden=\"true\" focusable=\"false\"><path d=\"M12,4.622c2.403,0,2.688,0.009,3.637,0.052c0.877,0.04,1.354,0.187,1.671,0.31c0.42,0.163,0.72,0.358,1.035,0.673 c0.315,0.315,0.51,0.615,0.673,1.035c0.123,0.317,0.27,0.794,0.31,1.671c0.043,0.949,0.052,1.234,0.052,3.637 s-0.009,2.688-0.052,3.637c-0.04,0.877-0.187,1.354-0.31,1.671c-0.163,0.42-0.358,0.72-0.673,1.035 c-0.315,0.315-0.615,0.51-1.035,0.673c-0.317,0.123-0.794,0.27-1.671,0.31c-0.949,0.043-1.233,0.052-3.637,0.052 s-2.688-0.009-3.637-0.052c-0.877-0.04-1.354-0.187-1.671-0.31c-0.42-0.163-0.72-0.358-1.035-0.673 c-0.315-0.315-0.51-0.615-0.673-1.035c-0.123-0.317-0.27-0.794-0.31-1.671C4.631,14.688,4.622,14.403,4.622,12 s0.009-2.688,0.052-3.637c0.04-0.877,0.187-1.354,0.31-1.671c0.163-0.42,0.358-0.72,0.673-1.035 c0.315-0.315,0.615-0.51,1.035-0.673c0.317-0.123,0.794-0.27,1.671-0.31C9.312,4.631,9.597,4.622,12,4.622 M12,3 C9.556,3,9.249,3.01,8.289,3.054C7.331,3.098,6.677,3.25,6.105,3.472C5.513,3.702,5.011,4.01,4.511,4.511 c-0.5,0.5-0.808,1.002-1.038,1.594C3.25,6.677,3.098,7.331,3.054,8.289C3.01,9.249,3,9.556,3,12c0,2.444,0.01,2.751,0.054,3.711 c0.044,0.958,0.196,1.612,0.418,2.185c0.23,0.592,0.538,1.094,1.038,1.594c0.5,0.5,1.002,0.808,1.594,1.038 c0.572,0.222,1.227,0.375,2.185,0.418C9.249,20.99,9.556,21,12,21s2.751-0.01,3.711-0.054c0.958-0.044,1.612-0.196,2.185-0.418 c0.592-0.23,1.094-0.538,1.594-1.038c0.5-0.5,0.808-1.002,1.038-1.594c0.222-0.572,0.375-1.227,0.418-2.185 C20.99,14.751,21,14.444,21,12s-0.01-2.751-0.054-3.711c-0.044-0.958-0.196-1.612-0.418-2.185c-0.23-0.592-0.538-1.094-1.038-1.594 c-0.5-0.5-1.002-0.808-1.594-1.038c-0.572-0.222-1.227-0.375-2.185-0.418C14.751,3.01,14.444,3,12,3L12,3z M12,7.378 c-2.552,0-4.622,2.069-4.622,4.622S9.448,16.622,12,16.622s4.622-2.069,4.622-4.622S14.552,7.378,12,7.378z M12,15 c-1.657,0-3-1.343-3-3s1.343-3,3-3s3,1.343,3,3S13.657,15,12,15z M16.804,6.116c-0.596,0-1.08,0.484-1.08,1.08 s0.484,1.08,1.08,1.08c0.596,0,1.08-0.484,1.08-1.08S17.401,6.116,16.804,6.116z\"><\/path><\/svg><span class=\"wp-block-social-link-label screen-reader-text\">Instagram<\/span><\/a><\/li>\n\n<li class=\"wp-social-link wp-social-link-linkedin  wp-block-social-link\"><a href=\"https:\/\/www.linkedin.com\/in\/patricia-deneuve-919754212\" class=\"wp-block-social-link-anchor\"><svg width=\"24\" height=\"24\" viewBox=\"0 0 24 24\" version=\"1.1\" xmlns=\"http:\/\/www.w3.org\/2000\/svg\" aria-hidden=\"true\" focusable=\"false\"><path d=\"M19.7,3H4.3C3.582,3,3,3.582,3,4.3v15.4C3,20.418,3.582,21,4.3,21h15.4c0.718,0,1.3-0.582,1.3-1.3V4.3 C21,3.582,20.418,3,19.7,3z M8.339,18.338H5.667v-8.59h2.672V18.338z M7.004,8.574c-0.857,0-1.549-0.694-1.549-1.548 c0-0.855,0.691-1.548,1.549-1.548c0.854,0,1.547,0.694,1.547,1.548C8.551,7.881,7.858,8.574,7.004,8.574z M18.339,18.338h-2.669 v-4.177c0-0.996-0.017-2.278-1.387-2.278c-1.389,0-1.601,1.086-1.601,2.206v4.249h-2.667v-8.59h2.559v1.174h0.037 c0.356-0.675,1.227-1.387,2.526-1.387c2.703,0,3.203,1.779,3.203,4.092V18.338z\"><\/path><\/svg><span class=\"wp-block-social-link-label screen-reader-text\">LinkedIn<\/span><\/a><\/li><\/ul>\n","protected":false},"excerpt":{"rendered":"<p>Interpr\u00e9tation des R\u00eaves Inspir\u00e9e par Carl Gustav Jung : D\u00e9couvrez Votre \u00c2me \u00e0 Travers vos R\u00eaves L&rsquo;interpr\u00e9tation des r\u00eaves est une voie fascinante vers la compr\u00e9hension de soi, et c&rsquo;est avec l&rsquo;inspiration de Carl Gustav Jung que je vous invite \u00e0 explorer ce monde myst\u00e9rieux et profond. En tant que psycho-praticienne j&rsquo;utilise l&rsquo;interpr\u00e9tation des r\u00eaves. &hellip; <\/p>\n<p class=\"link-more\"><a href=\"https:\/\/www.therapat.fr\/index.php\/interpretation-des-reves\/\" class=\"more-link\">Continuer la lecture<span class=\"screen-reader-text\"> de &laquo;&nbsp;Interpr\u00e9tation des r\u00eaves&nbsp;&raquo;<\/span><\/a><\/p>\n","protected":false},"author":2,"featured_media":0,"parent":0,"menu_order":0,"comment_status":"closed","ping_status":"closed","template":"","meta":{"footnotes":""},"class_list":["post-827","page","type-page","status-publish","hentry"],"yoast_head":"<!-- This site is optimized with the Yoast SEO plugin v25.5 - https:\/\/yoast.com\/wordpress\/plugins\/seo\/ -->\n<title>Interpr\u00e9tation des r\u00eaves - Cabinet de Patricia Deneuve<\/title>\n<meta name=\"description\" content=\"D\u00e9couvrez l&#039;interpr\u00e9tation des r\u00eaves .Explorez et d\u00e9chiffrez les messages cach\u00e9s de vos r\u00eaves pour une meilleure compr\u00e9hension de vous-m\u00eame.\" \/>\n<meta name=\"robots\" content=\"index, follow, max-snippet:-1, max-image-preview:large, max-video-preview:-1\" \/>\n<link rel=\"canonical\" href=\"https:\/\/www.therapat.fr\/index.php\/interpretation-des-reves\/\" \/>\n<meta property=\"og:locale\" content=\"fr_FR\" \/>\n<meta property=\"og:type\" content=\"article\" \/>\n<meta property=\"og:title\" content=\"Interpr\u00e9tation des r\u00eaves\" \/>\n<meta property=\"og:description\" content=\"&quot;D\u00e9couvrez l&#039;interpr\u00e9tation des r\u00eaves bas\u00e9e sur la psychologie de Carl Gustav Jung. Explorez votre psych\u00e9 et d\u00e9chiffrez les messages cach\u00e9s de vos r\u00eaves pour une meilleure compr\u00e9hension de vous-m\u00eame. Rejoignez-nous pour un voyage vers la d\u00e9couverte de votre \u00e2me.&quot;\" \/>\n<meta property=\"og:url\" content=\"https:\/\/www.therapat.fr\/index.php\/interpretation-des-reves\/\" \/>\n<meta property=\"og:site_name\" content=\"Cabinet de Patricia Deneuve\" \/>\n<meta property=\"article:publisher\" content=\"https:\/\/facebook.com\/patricia.deneuve.986\" \/>\n<meta property=\"article:modified_time\" content=\"2025-01-29T09:57:50+00:00\" \/>\n<meta name=\"twitter:card\" content=\"summary_large_image\" \/>\n<meta name=\"twitter:image\" content=\"https:\/\/www.therapat.fr\/wp-content\/uploads\/2023\/11\/images.jpeg\" \/>\n<meta name=\"twitter:label1\" content=\"Dur\u00e9e de lecture estim\u00e9e\" \/>\n\t<meta name=\"twitter:data1\" content=\"3 minutes\" \/>\n<script type=\"application\/ld+json\" class=\"yoast-schema-graph\">{\"@context\":\"https:\/\/schema.org\",\"@graph\":[{\"@type\":\"WebPage\",\"@id\":\"https:\/\/www.therapat.fr\/index.php\/interpretation-des-reves\/\",\"url\":\"https:\/\/www.therapat.fr\/index.php\/interpretation-des-reves\/\",\"name\":\"Interpr\u00e9tation des r\u00eaves - Cabinet de Patricia Deneuve\",\"isPartOf\":{\"@id\":\"https:\/\/www.therapat.fr\/#website\"},\"primaryImageOfPage\":{\"@id\":\"https:\/\/www.therapat.fr\/index.php\/interpretation-des-reves\/#primaryimage\"},\"image\":{\"@id\":\"https:\/\/www.therapat.fr\/index.php\/interpretation-des-reves\/#primaryimage\"},\"thumbnailUrl\":\"https:\/\/www.therapat.fr\/wp-content\/uploads\/2023\/11\/images.jpeg\",\"datePublished\":\"2025-01-29T09:57:49+00:00\",\"dateModified\":\"2025-01-29T09:57:50+00:00\",\"description\":\"D\u00e9couvrez l'interpr\u00e9tation des r\u00eaves .Explorez et d\u00e9chiffrez les messages cach\u00e9s de vos r\u00eaves pour une meilleure compr\u00e9hension de vous-m\u00eame.\",\"breadcrumb\":{\"@id\":\"https:\/\/www.therapat.fr\/index.php\/interpretation-des-reves\/#breadcrumb\"},\"inLanguage\":\"fr-FR\",\"potentialAction\":[{\"@type\":\"ReadAction\",\"target\":[\"https:\/\/www.therapat.fr\/index.php\/interpretation-des-reves\/\"]}]},{\"@type\":\"ImageObject\",\"inLanguage\":\"fr-FR\",\"@id\":\"https:\/\/www.therapat.fr\/index.php\/interpretation-des-reves\/#primaryimage\",\"url\":\"https:\/\/www.therapat.fr\/wp-content\/uploads\/2023\/11\/images.jpeg\",\"contentUrl\":\"https:\/\/www.therapat.fr\/wp-content\/uploads\/2023\/11\/images.jpeg\",\"width\":276,\"height\":183},{\"@type\":\"BreadcrumbList\",\"@id\":\"https:\/\/www.therapat.fr\/index.php\/interpretation-des-reves\/#breadcrumb\",\"itemListElement\":[{\"@type\":\"ListItem\",\"position\":1,\"name\":\"Accueil\",\"item\":\"https:\/\/www.therapat.fr\/\"},{\"@type\":\"ListItem\",\"position\":2,\"name\":\"Interpr\u00e9tation des r\u00eaves\"}]},{\"@type\":\"WebSite\",\"@id\":\"https:\/\/www.therapat.fr\/#website\",\"url\":\"https:\/\/www.therapat.fr\/\",\"name\":\"Cabinet de Patricia Deneuve\",\"description\":\"Vous pouvez choisir de croire ce que vous voulez, y compris de croire en vous-m\u00eames. Don Miguel Ruiz\",\"publisher\":{\"@id\":\"https:\/\/www.therapat.fr\/#organization\"},\"potentialAction\":[{\"@type\":\"SearchAction\",\"target\":{\"@type\":\"EntryPoint\",\"urlTemplate\":\"https:\/\/www.therapat.fr\/?s={search_term_string}\"},\"query-input\":{\"@type\":\"PropertyValueSpecification\",\"valueRequired\":true,\"valueName\":\"search_term_string\"}}],\"inLanguage\":\"fr-FR\"},{\"@type\":\"Organization\",\"@id\":\"https:\/\/www.therapat.fr\/#organization\",\"name\":\"Cabinet de Patricia Deneuve\",\"url\":\"https:\/\/www.therapat.fr\/\",\"logo\":{\"@type\":\"ImageObject\",\"inLanguage\":\"fr-FR\",\"@id\":\"https:\/\/www.therapat.fr\/#\/schema\/logo\/image\/\",\"url\":\"https:\/\/tnoanqj.cluster028.hosting.ovh.net\/wp-content\/uploads\/2023\/11\/Freedom-Hand-Butterfly_puzzles.png.jpg\",\"contentUrl\":\"https:\/\/tnoanqj.cluster028.hosting.ovh.net\/wp-content\/uploads\/2023\/11\/Freedom-Hand-Butterfly_puzzles.png.jpg\",\"width\":960,\"height\":640,\"caption\":\"Cabinet de Patricia Deneuve\"},\"image\":{\"@id\":\"https:\/\/www.therapat.fr\/#\/schema\/logo\/image\/\"},\"sameAs\":[\"https:\/\/facebook.com\/patricia.deneuve.986\",\"https:\/\/www.medoucine.com\/consultation\/angerville-bailleul\/patricia-deneuve\/3897?utm_source=bouton-rdv&utm_medium=pack-com&utm_campaign=patricia-deneuve\"]}]}<\/script>\n<!-- \/ Yoast SEO plugin. -->","yoast_head_json":{"title":"Interpr\u00e9tation des r\u00eaves - Cabinet de Patricia Deneuve","description":"D\u00e9couvrez l'interpr\u00e9tation des r\u00eaves .Explorez et d\u00e9chiffrez les messages cach\u00e9s de vos r\u00eaves pour une meilleure compr\u00e9hension de vous-m\u00eame.","robots":{"index":"index","follow":"follow","max-snippet":"max-snippet:-1","max-image-preview":"max-image-preview:large","max-video-preview":"max-video-preview:-1"},"canonical":"https:\/\/www.therapat.fr\/index.php\/interpretation-des-reves\/","og_locale":"fr_FR","og_type":"article","og_title":"Interpr\u00e9tation des r\u00eaves","og_description":"\"D\u00e9couvrez l'interpr\u00e9tation des r\u00eaves bas\u00e9e sur la psychologie de Carl Gustav Jung. Explorez votre psych\u00e9 et d\u00e9chiffrez les messages cach\u00e9s de vos r\u00eaves pour une meilleure compr\u00e9hension de vous-m\u00eame. Rejoignez-nous pour un voyage vers la d\u00e9couverte de votre \u00e2me.\"","og_url":"https:\/\/www.therapat.fr\/index.php\/interpretation-des-reves\/","og_site_name":"Cabinet de Patricia Deneuve","article_publisher":"https:\/\/facebook.com\/patricia.deneuve.986","article_modified_time":"2025-01-29T09:57:50+00:00","twitter_card":"summary_large_image","twitter_image":"https:\/\/www.therapat.fr\/wp-content\/uploads\/2023\/11\/images.jpeg","twitter_misc":{"Dur\u00e9e de lecture estim\u00e9e":"3 minutes"},"schema":{"@context":"https:\/\/schema.org","@graph":[{"@type":"WebPage","@id":"https:\/\/www.therapat.fr\/index.php\/interpretation-des-reves\/","url":"https:\/\/www.therapat.fr\/index.php\/interpretation-des-reves\/","name":"Interpr\u00e9tation des r\u00eaves - Cabinet de Patricia Deneuve","isPartOf":{"@id":"https:\/\/www.therapat.fr\/#website"},"primaryImageOfPage":{"@id":"https:\/\/www.therapat.fr\/index.php\/interpretation-des-reves\/#primaryimage"},"image":{"@id":"https:\/\/www.therapat.fr\/index.php\/interpretation-des-reves\/#primaryimage"},"thumbnailUrl":"https:\/\/www.therapat.fr\/wp-content\/uploads\/2023\/11\/images.jpeg","datePublished":"2025-01-29T09:57:49+00:00","dateModified":"2025-01-29T09:57:50+00:00","description":"D\u00e9couvrez l'interpr\u00e9tation des r\u00eaves .Explorez et d\u00e9chiffrez les messages cach\u00e9s de vos r\u00eaves pour une meilleure compr\u00e9hension de vous-m\u00eame.","breadcrumb":{"@id":"https:\/\/www.therapat.fr\/index.php\/interpretation-des-reves\/#breadcrumb"},"inLanguage":"fr-FR","potentialAction":[{"@type":"ReadAction","target":["https:\/\/www.therapat.fr\/index.php\/interpretation-des-reves\/"]}]},{"@type":"ImageObject","inLanguage":"fr-FR","@id":"https:\/\/www.therapat.fr\/index.php\/interpretation-des-reves\/#primaryimage","url":"https:\/\/www.therapat.fr\/wp-content\/uploads\/2023\/11\/images.jpeg","contentUrl":"https:\/\/www.therapat.fr\/wp-content\/uploads\/2023\/11\/images.jpeg","width":276,"height":183},{"@type":"BreadcrumbList","@id":"https:\/\/www.therapat.fr\/index.php\/interpretation-des-reves\/#breadcrumb","itemListElement":[{"@type":"ListItem","position":1,"name":"Accueil","item":"https:\/\/www.therapat.fr\/"},{"@type":"ListItem","position":2,"name":"Interpr\u00e9tation des r\u00eaves"}]},{"@type":"WebSite","@id":"https:\/\/www.therapat.fr\/#website","url":"https:\/\/www.therapat.fr\/","name":"Cabinet de Patricia Deneuve","description":"Vous pouvez choisir de croire ce que vous voulez, y compris de croire en vous-m\u00eames. Don Miguel Ruiz","publisher":{"@id":"https:\/\/www.therapat.fr\/#organization"},"potentialAction":[{"@type":"SearchAction","target":{"@type":"EntryPoint","urlTemplate":"https:\/\/www.therapat.fr\/?s={search_term_string}"},"query-input":{"@type":"PropertyValueSpecification","valueRequired":true,"valueName":"search_term_string"}}],"inLanguage":"fr-FR"},{"@type":"Organization","@id":"https:\/\/www.therapat.fr\/#organization","name":"Cabinet de Patricia Deneuve","url":"https:\/\/www.therapat.fr\/","logo":{"@type":"ImageObject","inLanguage":"fr-FR","@id":"https:\/\/www.therapat.fr\/#\/schema\/logo\/image\/","url":"https:\/\/tnoanqj.cluster028.hosting.ovh.net\/wp-content\/uploads\/2023\/11\/Freedom-Hand-Butterfly_puzzles.png.jpg","contentUrl":"https:\/\/tnoanqj.cluster028.hosting.ovh.net\/wp-content\/uploads\/2023\/11\/Freedom-Hand-Butterfly_puzzles.png.jpg","width":960,"height":640,"caption":"Cabinet de Patricia Deneuve"},"image":{"@id":"https:\/\/www.therapat.fr\/#\/schema\/logo\/image\/"},"sameAs":["https:\/\/facebook.com\/patricia.deneuve.986","https:\/\/www.medoucine.com\/consultation\/angerville-bailleul\/patricia-deneuve\/3897?utm_source=bouton-rdv&utm_medium=pack-com&utm_campaign=patricia-deneuve"]}]}},"_links":{"self":[{"href":"https:\/\/www.therapat.fr\/index.php\/wp-json\/wp\/v2\/pages\/827","targetHints":{"allow":["GET"]}}],"collection":[{"href":"https:\/\/www.therapat.fr\/index.php\/wp-json\/wp\/v2\/pages"}],"about":[{"href":"https:\/\/www.therapat.fr\/index.php\/wp-json\/wp\/v2\/types\/page"}],"author":[{"embeddable":true,"href":"https:\/\/www.therapat.fr\/index.php\/wp-json\/wp\/v2\/users\/2"}],"replies":[{"embeddable":true,"href":"https:\/\/www.therapat.fr\/index.php\/wp-json\/wp\/v2\/comments?post=827"}],"version-history":[{"count":4,"href":"https:\/\/www.therapat.fr\/index.php\/wp-json\/wp\/v2\/pages\/827\/revisions"}],"predecessor-version":[{"id":1220,"href":"https:\/\/www.therapat.fr\/index.php\/wp-json\/wp\/v2\/pages\/827\/revisions\/1220"}],"wp:attachment":[{"href":"https:\/\/www.therapat.fr\/index.php\/wp-json\/wp\/v2\/media?parent=827"}],"curies":[{"name":"wp","href":"https:\/\/api.w.org\/{rel}","templated":true}]}}