{"id":651,"date":"2023-06-01T14:20:47","date_gmt":"2023-06-01T14:20:47","guid":{"rendered":"https:\/\/therapat.fr\/?page_id=651"},"modified":"2025-03-06T20:17:02","modified_gmt":"2025-03-06T19:17:02","slug":"le-clean-language-une-autre-approche-de-lhypnose","status":"publish","type":"page","link":"https:\/\/www.therapat.fr\/index.php\/le-clean-language-une-autre-approche-de-lhypnose\/","title":{"rendered":"Clean Language"},"content":{"rendered":"\n<h2 class=\"wp-block-heading has-text-align-center has-luminous-vivid-amber-color has-text-color has-large-font-size\"><strong>Le clean Language, une autre approche de l&rsquo;hypnose<\/strong><\/h2>\n\n\n\n<p>Le clean Language est une approche de l&rsquo;hypnose qui se concentre sur le langage pr\u00e9cis et non suggestif. Cette approche a pour but de faciliter la communication avec le client et d&rsquo;encourager des changements positifs. Elle a \u00e9t\u00e9 d\u00e9velopp\u00e9e par le th\u00e9rapeute David Grove dans les ann\u00e9es 1980. Elle s&rsquo;est depuis r\u00e9pandue dans le monde de la psychoth\u00e9rapie et de l&rsquo;hypnose.<\/p>\n\n\n\n<p>L&rsquo;une des caract\u00e9ristiques cl\u00e9s du Clean Language est son utilisation de questions sp\u00e9cifiques. De ce fait, on \u00e9vite les suggestions indirectes ou les influences du th\u00e9rapeute. Les questions Clean Language sont con\u00e7ues pour faciliter la r\u00e9flexion du client sans ajouter de nouveaux \u00e9l\u00e9ments qui pourraient influencer la r\u00e9ponse.<\/p>\n\n\n\n<p>En utilisant cette m\u00e9thode, les th\u00e9rapeutes Clean Language peuvent amener les clients \u00e0 explorer leurs pens\u00e9es et leurs \u00e9motions de mani\u00e8re plus approfondie et \u00e0 trouver des solutions cr\u00e9atives aux probl\u00e8mes. En outre, l&rsquo;approche permet d&rsquo;\u00e9viter les suppositions ou les interpr\u00e9tations erron\u00e9es qui pourraient r\u00e9sulter de l&rsquo;utilisation de termes vagues ou de questions suggestives.<\/p>\n\n\n\n<p>Dans l&rsquo;hypnose, le Clean Language peut \u00eatre utilis\u00e9 pour aider le client \u00e0 acc\u00e9der \u00e0 des \u00e9tats de conscience modifi\u00e9s, \u00e0 explorer des souvenirs enfouis ou \u00e0 renforcer des comportements positifs. Ainsi, en \u00e9liminant les influences ind\u00e9sirables du th\u00e9rapeute et en encourageant le client \u00e0 trouver ses propres r\u00e9ponses, l&rsquo;approche Clean Language peut aider \u00e0 produire des changements profonds et durables chez les clients.<\/p>\n\n\n\n<figure class=\"wp-block-image size-full is-resized\" id=\"cleanlanguage\"><img loading=\"lazy\" decoding=\"async\" width=\"550\" height=\"380\" src=\"https:\/\/www.therapat.fr\/wp-content\/uploads\/2023\/11\/hypnose-cle.jpeg\" alt=\"\" class=\"wp-image-909\" style=\"width:674px;height:auto\" title=\"Le clean language autre approche de l'hypnose\" srcset=\"https:\/\/www.therapat.fr\/wp-content\/uploads\/2023\/11\/hypnose-cle.jpeg 550w, https:\/\/www.therapat.fr\/wp-content\/uploads\/2023\/11\/hypnose-cle-300x207.jpeg 300w\" sizes=\"auto, (max-width: 550px) 100vw, 550px\" \/><figcaption class=\"wp-element-caption\"><em><strong>Le Clean Language, une cl\u00e9 d&rsquo;acc\u00e8s \u00e0 soi-m\u00eame.<\/strong><\/em><\/figcaption><\/figure>\n\n\n\n<h2 class=\"wp-block-heading has-text-align-center has-luminous-vivid-amber-color has-text-color has-large-font-size\"><strong>A la recherche d&rsquo;une th\u00e9rapeute Sp\u00e9cialis\u00e9e  ?<\/strong><\/h2>\n\n\n\n<p>\u00cates-vous \u00e0 la recherche d&rsquo;un(e) th\u00e9rapeute ? D&rsquo;un(e) th\u00e9rapeute qui utilise une approche efficace et respectueuse pour vous aider \u00e0 surmonter vos d\u00e9fis personnels ? Et qui vous permet d&rsquo; atteindre vos objectifs ? Alors, le Clean Language pourrait \u00eatre la solution que vous recherchez.<\/p>\n\n\n\n<p>Je suis une th\u00e9rapeute form\u00e9e et exp\u00e9riment\u00e9e en Clean Language. C&rsquo;est la raison pour laquelle je vous propose de vous guider \u00e0 travers un processus de r\u00e9flexion approfondi. Ceci pour explorer vos pens\u00e9es et vos \u00e9motions de mani\u00e8re claire et pr\u00e9cise. En \u00e9vitant les suggestions indirectes ou les influences du th\u00e9rapeute, je vous encourage \u00e0 trouver vos propres r\u00e9ponses. Egalement \u00e0 d\u00e9couvrir des solutions cr\u00e9atives \u00e0 vos probl\u00e8mes.<\/p>\n\n\n\n<p>Que vous cherchiez \u00e0  acc\u00e9der \u00e0 des \u00e9tats de conscience modifi\u00e9s, \u00e0 explorer des souvenirs enfouis ou \u00e0 renforcer des comportements positifs, l&rsquo;approche Clean Language peut vous aider \u00e0 produire des changements profonds et durables. <\/p>\n\n\n\n<p>Alors, si vous \u00eates pr\u00eat(e) \u00e0 d\u00e9couvrir les avantages de l&rsquo;approche Clean Language, je serais heureuse de vous aider. Contactez-moi aujourd&rsquo;hui pour en savoir plus sur mes services de th\u00e9rapie Clean Language. Commen\u00e7ons ensemble \u00e0 travailler pour am\u00e9liorer votre bien-\u00eatre \u00e9motionnel.<\/p>\n\n\n<div class=\"wp-block-image is-resized\">\n<figure class=\"aligncenter size-full\" id=\"cleanlanguage\"><img loading=\"lazy\" decoding=\"async\" width=\"1200\" height=\"675\" src=\"https:\/\/www.therapat.fr\/wp-content\/uploads\/2023\/11\/i105573-hypnotherapie-th.jpg\" alt=\"\" class=\"wp-image-910\" title=\"Le clean language est une autre approche de l'hypnose pour des changements profonds et durables chez le (la) consultant(e).\" srcset=\"https:\/\/www.therapat.fr\/wp-content\/uploads\/2023\/11\/i105573-hypnotherapie-th.jpg 1200w, https:\/\/www.therapat.fr\/wp-content\/uploads\/2023\/11\/i105573-hypnotherapie-th-300x169.jpg 300w, https:\/\/www.therapat.fr\/wp-content\/uploads\/2023\/11\/i105573-hypnotherapie-th-1024x576.jpg 1024w, https:\/\/www.therapat.fr\/wp-content\/uploads\/2023\/11\/i105573-hypnotherapie-th-768x432.jpg 768w\" sizes=\"auto, (max-width: 767px) 89vw, (max-width: 1000px) 54vw, (max-width: 1071px) 543px, 580px\" \/><figcaption class=\"wp-element-caption\"><em><strong>Am\u00e9lioration du bien \u00eatre \u00e9motionnel gr\u00e2ce \u00e0 l&rsquo;Hypnose<\/strong><\/em><\/figcaption><\/figure>\n<\/div>\n\n\n<div class=\"wp-block-buttons is-horizontal is-content-justification-center is-layout-flex wp-container-core-buttons-is-layout-499968f5 wp-block-buttons-is-layout-flex\">\n<div class=\"wp-block-button\"><a class=\"wp-block-button__link has-black-color has-text-color has-background wp-element-button\" href=\"https:\/\/therapat.fr\/\" style=\"background:linear-gradient(135deg,rgb(252,185,0) 51%,rgb(255,105,0) 100%)\" target=\"_blank\" rel=\"noreferrer noopener\">Retour Accueil<\/a><\/div>\n\n\n\n<div class=\"wp-block-button\"><a class=\"wp-block-button__link has-black-color has-text-color has-background wp-element-button\" href=\"http:\/\/therapat.fr\/index.php\/contact-lien-rdv-consultation\/\" style=\"background:linear-gradient(135deg,rgb(252,185,0) 41%,rgb(255,105,0) 100%)\" target=\"_blank\" rel=\"noreferrer noopener\">Contactez-moi<\/a><\/div>\n\n\n\n<div class=\"wp-block-button\"><a class=\"wp-block-button__link has-black-color has-text-color has-background wp-element-button\" href=\"https:\/\/therapat.fr\/hypnose-inclusive-experience-esprit-corps-et-ames\/\" style=\"background:linear-gradient(135deg,rgb(252,185,0) 51%,rgb(255,105,0) 100%)\" target=\"_blank\" rel=\"noreferrer noopener\">Hypnose Inclusive<\/a><\/div>\n\n\n\n<div class=\"wp-block-button\"><a class=\"wp-block-button__link has-black-color has-text-color has-background wp-element-button\" href=\"https:\/\/therapat.fr\/hypnose-ericksonienne-cest-quoi\/\" style=\"background:linear-gradient(135deg,rgb(252,185,0) 51%,rgb(255,105,0) 100%)\" target=\"_blank\" rel=\"noreferrer noopener\">Hypnose Ericksonienne<\/a><\/div>\n\n\n\n<div class=\"wp-block-button\"><a class=\"wp-block-button__link has-black-color has-text-color has-background wp-element-button\" href=\"https:\/\/www.resalib.fr\/praticien\/67057-patricia-deneuve-psychopraticienne-hypnotherapeute-angerville-bailleul#newrdvmodal\" style=\"background:linear-gradient(135deg,rgb(252,185,0) 51%,rgb(255,105,0) 100%)\">PRENDRE RENDEZ-VOUS sur RESALIB<\/a><\/div>\n<\/div>\n\n\n\n<ul class=\"wp-block-social-links is-layout-flex wp-block-social-links-is-layout-flex\"><li class=\"wp-social-link wp-social-link-facebook  wp-block-social-link\"><a href=\"https:\/\/www.facebook.com\/patricia.deneuve.986\" class=\"wp-block-social-link-anchor\"><svg width=\"24\" height=\"24\" viewBox=\"0 0 24 24\" version=\"1.1\" xmlns=\"http:\/\/www.w3.org\/2000\/svg\" aria-hidden=\"true\" focusable=\"false\"><path d=\"M12 2C6.5 2 2 6.5 2 12c0 5 3.7 9.1 8.4 9.9v-7H7.9V12h2.5V9.8c0-2.5 1.5-3.9 3.8-3.9 1.1 0 2.2.2 2.2.2v2.5h-1.3c-1.2 0-1.6.8-1.6 1.6V12h2.8l-.4 2.9h-2.3v7C18.3 21.1 22 17 22 12c0-5.5-4.5-10-10-10z\"><\/path><\/svg><span class=\"wp-block-social-link-label screen-reader-text\">Facebook<\/span><\/a><\/li>\n\n<li class=\"wp-social-link wp-social-link-instagram  wp-block-social-link\"><a href=\"https:\/\/www.instagram.com\/therapatou\/\" class=\"wp-block-social-link-anchor\"><svg width=\"24\" height=\"24\" viewBox=\"0 0 24 24\" version=\"1.1\" xmlns=\"http:\/\/www.w3.org\/2000\/svg\" aria-hidden=\"true\" focusable=\"false\"><path d=\"M12,4.622c2.403,0,2.688,0.009,3.637,0.052c0.877,0.04,1.354,0.187,1.671,0.31c0.42,0.163,0.72,0.358,1.035,0.673 c0.315,0.315,0.51,0.615,0.673,1.035c0.123,0.317,0.27,0.794,0.31,1.671c0.043,0.949,0.052,1.234,0.052,3.637 s-0.009,2.688-0.052,3.637c-0.04,0.877-0.187,1.354-0.31,1.671c-0.163,0.42-0.358,0.72-0.673,1.035 c-0.315,0.315-0.615,0.51-1.035,0.673c-0.317,0.123-0.794,0.27-1.671,0.31c-0.949,0.043-1.233,0.052-3.637,0.052 s-2.688-0.009-3.637-0.052c-0.877-0.04-1.354-0.187-1.671-0.31c-0.42-0.163-0.72-0.358-1.035-0.673 c-0.315-0.315-0.51-0.615-0.673-1.035c-0.123-0.317-0.27-0.794-0.31-1.671C4.631,14.688,4.622,14.403,4.622,12 s0.009-2.688,0.052-3.637c0.04-0.877,0.187-1.354,0.31-1.671c0.163-0.42,0.358-0.72,0.673-1.035 c0.315-0.315,0.615-0.51,1.035-0.673c0.317-0.123,0.794-0.27,1.671-0.31C9.312,4.631,9.597,4.622,12,4.622 M12,3 C9.556,3,9.249,3.01,8.289,3.054C7.331,3.098,6.677,3.25,6.105,3.472C5.513,3.702,5.011,4.01,4.511,4.511 c-0.5,0.5-0.808,1.002-1.038,1.594C3.25,6.677,3.098,7.331,3.054,8.289C3.01,9.249,3,9.556,3,12c0,2.444,0.01,2.751,0.054,3.711 c0.044,0.958,0.196,1.612,0.418,2.185c0.23,0.592,0.538,1.094,1.038,1.594c0.5,0.5,1.002,0.808,1.594,1.038 c0.572,0.222,1.227,0.375,2.185,0.418C9.249,20.99,9.556,21,12,21s2.751-0.01,3.711-0.054c0.958-0.044,1.612-0.196,2.185-0.418 c0.592-0.23,1.094-0.538,1.594-1.038c0.5-0.5,0.808-1.002,1.038-1.594c0.222-0.572,0.375-1.227,0.418-2.185 C20.99,14.751,21,14.444,21,12s-0.01-2.751-0.054-3.711c-0.044-0.958-0.196-1.612-0.418-2.185c-0.23-0.592-0.538-1.094-1.038-1.594 c-0.5-0.5-1.002-0.808-1.594-1.038c-0.572-0.222-1.227-0.375-2.185-0.418C14.751,3.01,14.444,3,12,3L12,3z M12,7.378 c-2.552,0-4.622,2.069-4.622,4.622S9.448,16.622,12,16.622s4.622-2.069,4.622-4.622S14.552,7.378,12,7.378z M12,15 c-1.657,0-3-1.343-3-3s1.343-3,3-3s3,1.343,3,3S13.657,15,12,15z M16.804,6.116c-0.596,0-1.08,0.484-1.08,1.08 s0.484,1.08,1.08,1.08c0.596,0,1.08-0.484,1.08-1.08S17.401,6.116,16.804,6.116z\"><\/path><\/svg><span class=\"wp-block-social-link-label screen-reader-text\">Instagram<\/span><\/a><\/li>\n\n<li class=\"wp-social-link wp-social-link-linkedin  wp-block-social-link\"><a href=\"https:\/\/www.linkedin.com\/in\/patricia-deneuve-919754212\" class=\"wp-block-social-link-anchor\"><svg width=\"24\" height=\"24\" viewBox=\"0 0 24 24\" version=\"1.1\" xmlns=\"http:\/\/www.w3.org\/2000\/svg\" aria-hidden=\"true\" focusable=\"false\"><path d=\"M19.7,3H4.3C3.582,3,3,3.582,3,4.3v15.4C3,20.418,3.582,21,4.3,21h15.4c0.718,0,1.3-0.582,1.3-1.3V4.3 C21,3.582,20.418,3,19.7,3z M8.339,18.338H5.667v-8.59h2.672V18.338z M7.004,8.574c-0.857,0-1.549-0.694-1.549-1.548 c0-0.855,0.691-1.548,1.549-1.548c0.854,0,1.547,0.694,1.547,1.548C8.551,7.881,7.858,8.574,7.004,8.574z M18.339,18.338h-2.669 v-4.177c0-0.996-0.017-2.278-1.387-2.278c-1.389,0-1.601,1.086-1.601,2.206v4.249h-2.667v-8.59h2.559v1.174h0.037 c0.356-0.675,1.227-1.387,2.526-1.387c2.703,0,3.203,1.779,3.203,4.092V18.338z\"><\/path><\/svg><span class=\"wp-block-social-link-label screen-reader-text\">LinkedIn<\/span><\/a><\/li><\/ul>\n","protected":false},"excerpt":{"rendered":"<p>Le clean Language, une autre approche de l&rsquo;hypnose Le clean Language est une approche de l&rsquo;hypnose qui se concentre sur le langage pr\u00e9cis et non suggestif. Cette approche a pour but de faciliter la communication avec le client et d&rsquo;encourager des changements positifs. Elle a \u00e9t\u00e9 d\u00e9velopp\u00e9e par le th\u00e9rapeute David Grove dans les ann\u00e9es &hellip; <\/p>\n<p class=\"link-more\"><a href=\"https:\/\/www.therapat.fr\/index.php\/le-clean-language-une-autre-approche-de-lhypnose\/\" class=\"more-link\">Continuer la lecture<span class=\"screen-reader-text\"> de &laquo;&nbsp;Clean Language&nbsp;&raquo;<\/span><\/a><\/p>\n","protected":false},"author":2,"featured_media":0,"parent":0,"menu_order":0,"comment_status":"closed","ping_status":"closed","template":"","meta":{"footnotes":""},"class_list":["post-651","page","type-page","status-publish","hentry"],"yoast_head":"<!-- This site is optimized with the Yoast SEO plugin v25.5 - https:\/\/yoast.com\/wordpress\/plugins\/seo\/ -->\n<title>Le Clean Language une autre approche de l&#039;Hypnose<\/title>\n<meta name=\"description\" content=\"Le clean language est une autre approche de l&#039;hypnose pour des changements profonds et durables chez le (la) consultant(e).\" \/>\n<meta name=\"robots\" content=\"index, follow, max-snippet:-1, max-image-preview:large, max-video-preview:-1\" \/>\n<link rel=\"canonical\" href=\"https:\/\/www.therapat.fr\/index.php\/le-clean-language-une-autre-approche-de-lhypnose\/\" \/>\n<meta property=\"og:locale\" content=\"fr_FR\" \/>\n<meta property=\"og:type\" content=\"article\" \/>\n<meta property=\"og:title\" content=\"Le clean language est une autre approche de l&#039;hypnose pour des changements profonds et durables chez le (la) consultant(e). Cabinet de Patricia Deneuve\" \/>\n<meta property=\"og:description\" content=\"Le clean language est une autre approche de l&#039;hypnose pour des changements profonds et durables chez le (la) consultant(e).\" \/>\n<meta property=\"og:url\" content=\"https:\/\/www.therapat.fr\/index.php\/le-clean-language-une-autre-approche-de-lhypnose\/\" \/>\n<meta property=\"og:site_name\" content=\"Cabinet de Patricia Deneuve\" \/>\n<meta property=\"article:publisher\" content=\"https:\/\/facebook.com\/patricia.deneuve.986\" \/>\n<meta property=\"article:modified_time\" content=\"2025-03-06T19:17:02+00:00\" \/>\n<meta name=\"twitter:card\" content=\"summary_large_image\" \/>\n<meta name=\"twitter:image\" content=\"https:\/\/www.therapat.fr\/wp-content\/uploads\/2023\/11\/hypnose-cle.jpeg\" \/>\n<meta name=\"twitter:label1\" content=\"Dur\u00e9e de lecture estim\u00e9e\" \/>\n\t<meta name=\"twitter:data1\" content=\"3 minutes\" \/>\n<script type=\"application\/ld+json\" class=\"yoast-schema-graph\">{\"@context\":\"https:\/\/schema.org\",\"@graph\":[{\"@type\":\"WebPage\",\"@id\":\"https:\/\/www.therapat.fr\/index.php\/le-clean-language-une-autre-approche-de-lhypnose\/\",\"url\":\"https:\/\/www.therapat.fr\/index.php\/le-clean-language-une-autre-approche-de-lhypnose\/\",\"name\":\"Le Clean Language une autre approche de l'Hypnose\",\"isPartOf\":{\"@id\":\"https:\/\/www.therapat.fr\/#website\"},\"primaryImageOfPage\":{\"@id\":\"https:\/\/www.therapat.fr\/index.php\/le-clean-language-une-autre-approche-de-lhypnose\/#primaryimage\"},\"image\":{\"@id\":\"https:\/\/www.therapat.fr\/index.php\/le-clean-language-une-autre-approche-de-lhypnose\/#primaryimage\"},\"thumbnailUrl\":\"https:\/\/www.therapat.fr\/wp-content\/uploads\/2023\/11\/hypnose-cle.jpeg\",\"datePublished\":\"2023-06-01T14:20:47+00:00\",\"dateModified\":\"2025-03-06T19:17:02+00:00\",\"description\":\"Le clean language est une autre approche de l'hypnose pour des changements profonds et durables chez le (la) consultant(e).\",\"breadcrumb\":{\"@id\":\"https:\/\/www.therapat.fr\/index.php\/le-clean-language-une-autre-approche-de-lhypnose\/#breadcrumb\"},\"inLanguage\":\"fr-FR\",\"potentialAction\":[{\"@type\":\"ReadAction\",\"target\":[\"https:\/\/www.therapat.fr\/index.php\/le-clean-language-une-autre-approche-de-lhypnose\/\"]}]},{\"@type\":\"ImageObject\",\"inLanguage\":\"fr-FR\",\"@id\":\"https:\/\/www.therapat.fr\/index.php\/le-clean-language-une-autre-approche-de-lhypnose\/#primaryimage\",\"url\":\"https:\/\/www.therapat.fr\/wp-content\/uploads\/2023\/11\/hypnose-cle.jpeg\",\"contentUrl\":\"https:\/\/www.therapat.fr\/wp-content\/uploads\/2023\/11\/hypnose-cle.jpeg\",\"width\":550,\"height\":380},{\"@type\":\"BreadcrumbList\",\"@id\":\"https:\/\/www.therapat.fr\/index.php\/le-clean-language-une-autre-approche-de-lhypnose\/#breadcrumb\",\"itemListElement\":[{\"@type\":\"ListItem\",\"position\":1,\"name\":\"Accueil\",\"item\":\"https:\/\/www.therapat.fr\/\"},{\"@type\":\"ListItem\",\"position\":2,\"name\":\"Le clean language\"}]},{\"@type\":\"WebSite\",\"@id\":\"https:\/\/www.therapat.fr\/#website\",\"url\":\"https:\/\/www.therapat.fr\/\",\"name\":\"Cabinet de Patricia Deneuve\",\"description\":\"Vous pouvez choisir de croire ce que vous voulez, y compris de croire en vous-m\u00eames. Don Miguel Ruiz\",\"publisher\":{\"@id\":\"https:\/\/www.therapat.fr\/#organization\"},\"potentialAction\":[{\"@type\":\"SearchAction\",\"target\":{\"@type\":\"EntryPoint\",\"urlTemplate\":\"https:\/\/www.therapat.fr\/?s={search_term_string}\"},\"query-input\":{\"@type\":\"PropertyValueSpecification\",\"valueRequired\":true,\"valueName\":\"search_term_string\"}}],\"inLanguage\":\"fr-FR\"},{\"@type\":\"Organization\",\"@id\":\"https:\/\/www.therapat.fr\/#organization\",\"name\":\"Cabinet de Patricia Deneuve\",\"url\":\"https:\/\/www.therapat.fr\/\",\"logo\":{\"@type\":\"ImageObject\",\"inLanguage\":\"fr-FR\",\"@id\":\"https:\/\/www.therapat.fr\/#\/schema\/logo\/image\/\",\"url\":\"https:\/\/tnoanqj.cluster028.hosting.ovh.net\/wp-content\/uploads\/2023\/11\/Freedom-Hand-Butterfly_puzzles.png.jpg\",\"contentUrl\":\"https:\/\/tnoanqj.cluster028.hosting.ovh.net\/wp-content\/uploads\/2023\/11\/Freedom-Hand-Butterfly_puzzles.png.jpg\",\"width\":960,\"height\":640,\"caption\":\"Cabinet de Patricia Deneuve\"},\"image\":{\"@id\":\"https:\/\/www.therapat.fr\/#\/schema\/logo\/image\/\"},\"sameAs\":[\"https:\/\/facebook.com\/patricia.deneuve.986\",\"https:\/\/www.medoucine.com\/consultation\/angerville-bailleul\/patricia-deneuve\/3897?utm_source=bouton-rdv&utm_medium=pack-com&utm_campaign=patricia-deneuve\"]}]}<\/script>\n<!-- \/ Yoast SEO plugin. -->","yoast_head_json":{"title":"Le Clean Language une autre approche de l'Hypnose","description":"Le clean language est une autre approche de l'hypnose pour des changements profonds et durables chez le (la) consultant(e).","robots":{"index":"index","follow":"follow","max-snippet":"max-snippet:-1","max-image-preview":"max-image-preview:large","max-video-preview":"max-video-preview:-1"},"canonical":"https:\/\/www.therapat.fr\/index.php\/le-clean-language-une-autre-approche-de-lhypnose\/","og_locale":"fr_FR","og_type":"article","og_title":"Le clean language est une autre approche de l'hypnose pour des changements profonds et durables chez le (la) consultant(e). Cabinet de Patricia Deneuve","og_description":"Le clean language est une autre approche de l'hypnose pour des changements profonds et durables chez le (la) consultant(e).","og_url":"https:\/\/www.therapat.fr\/index.php\/le-clean-language-une-autre-approche-de-lhypnose\/","og_site_name":"Cabinet de Patricia Deneuve","article_publisher":"https:\/\/facebook.com\/patricia.deneuve.986","article_modified_time":"2025-03-06T19:17:02+00:00","twitter_card":"summary_large_image","twitter_image":"https:\/\/www.therapat.fr\/wp-content\/uploads\/2023\/11\/hypnose-cle.jpeg","twitter_misc":{"Dur\u00e9e de lecture estim\u00e9e":"3 minutes"},"schema":{"@context":"https:\/\/schema.org","@graph":[{"@type":"WebPage","@id":"https:\/\/www.therapat.fr\/index.php\/le-clean-language-une-autre-approche-de-lhypnose\/","url":"https:\/\/www.therapat.fr\/index.php\/le-clean-language-une-autre-approche-de-lhypnose\/","name":"Le Clean Language une autre approche de l'Hypnose","isPartOf":{"@id":"https:\/\/www.therapat.fr\/#website"},"primaryImageOfPage":{"@id":"https:\/\/www.therapat.fr\/index.php\/le-clean-language-une-autre-approche-de-lhypnose\/#primaryimage"},"image":{"@id":"https:\/\/www.therapat.fr\/index.php\/le-clean-language-une-autre-approche-de-lhypnose\/#primaryimage"},"thumbnailUrl":"https:\/\/www.therapat.fr\/wp-content\/uploads\/2023\/11\/hypnose-cle.jpeg","datePublished":"2023-06-01T14:20:47+00:00","dateModified":"2025-03-06T19:17:02+00:00","description":"Le clean language est une autre approche de l'hypnose pour des changements profonds et durables chez le (la) consultant(e).","breadcrumb":{"@id":"https:\/\/www.therapat.fr\/index.php\/le-clean-language-une-autre-approche-de-lhypnose\/#breadcrumb"},"inLanguage":"fr-FR","potentialAction":[{"@type":"ReadAction","target":["https:\/\/www.therapat.fr\/index.php\/le-clean-language-une-autre-approche-de-lhypnose\/"]}]},{"@type":"ImageObject","inLanguage":"fr-FR","@id":"https:\/\/www.therapat.fr\/index.php\/le-clean-language-une-autre-approche-de-lhypnose\/#primaryimage","url":"https:\/\/www.therapat.fr\/wp-content\/uploads\/2023\/11\/hypnose-cle.jpeg","contentUrl":"https:\/\/www.therapat.fr\/wp-content\/uploads\/2023\/11\/hypnose-cle.jpeg","width":550,"height":380},{"@type":"BreadcrumbList","@id":"https:\/\/www.therapat.fr\/index.php\/le-clean-language-une-autre-approche-de-lhypnose\/#breadcrumb","itemListElement":[{"@type":"ListItem","position":1,"name":"Accueil","item":"https:\/\/www.therapat.fr\/"},{"@type":"ListItem","position":2,"name":"Le clean language"}]},{"@type":"WebSite","@id":"https:\/\/www.therapat.fr\/#website","url":"https:\/\/www.therapat.fr\/","name":"Cabinet de Patricia Deneuve","description":"Vous pouvez choisir de croire ce que vous voulez, y compris de croire en vous-m\u00eames. Don Miguel Ruiz","publisher":{"@id":"https:\/\/www.therapat.fr\/#organization"},"potentialAction":[{"@type":"SearchAction","target":{"@type":"EntryPoint","urlTemplate":"https:\/\/www.therapat.fr\/?s={search_term_string}"},"query-input":{"@type":"PropertyValueSpecification","valueRequired":true,"valueName":"search_term_string"}}],"inLanguage":"fr-FR"},{"@type":"Organization","@id":"https:\/\/www.therapat.fr\/#organization","name":"Cabinet de Patricia Deneuve","url":"https:\/\/www.therapat.fr\/","logo":{"@type":"ImageObject","inLanguage":"fr-FR","@id":"https:\/\/www.therapat.fr\/#\/schema\/logo\/image\/","url":"https:\/\/tnoanqj.cluster028.hosting.ovh.net\/wp-content\/uploads\/2023\/11\/Freedom-Hand-Butterfly_puzzles.png.jpg","contentUrl":"https:\/\/tnoanqj.cluster028.hosting.ovh.net\/wp-content\/uploads\/2023\/11\/Freedom-Hand-Butterfly_puzzles.png.jpg","width":960,"height":640,"caption":"Cabinet de Patricia Deneuve"},"image":{"@id":"https:\/\/www.therapat.fr\/#\/schema\/logo\/image\/"},"sameAs":["https:\/\/facebook.com\/patricia.deneuve.986","https:\/\/www.medoucine.com\/consultation\/angerville-bailleul\/patricia-deneuve\/3897?utm_source=bouton-rdv&utm_medium=pack-com&utm_campaign=patricia-deneuve"]}]}},"_links":{"self":[{"href":"https:\/\/www.therapat.fr\/index.php\/wp-json\/wp\/v2\/pages\/651","targetHints":{"allow":["GET"]}}],"collection":[{"href":"https:\/\/www.therapat.fr\/index.php\/wp-json\/wp\/v2\/pages"}],"about":[{"href":"https:\/\/www.therapat.fr\/index.php\/wp-json\/wp\/v2\/types\/page"}],"author":[{"embeddable":true,"href":"https:\/\/www.therapat.fr\/index.php\/wp-json\/wp\/v2\/users\/2"}],"replies":[{"embeddable":true,"href":"https:\/\/www.therapat.fr\/index.php\/wp-json\/wp\/v2\/comments?post=651"}],"version-history":[{"count":7,"href":"https:\/\/www.therapat.fr\/index.php\/wp-json\/wp\/v2\/pages\/651\/revisions"}],"predecessor-version":[{"id":1230,"href":"https:\/\/www.therapat.fr\/index.php\/wp-json\/wp\/v2\/pages\/651\/revisions\/1230"}],"wp:attachment":[{"href":"https:\/\/www.therapat.fr\/index.php\/wp-json\/wp\/v2\/media?parent=651"}],"curies":[{"name":"wp","href":"https:\/\/api.w.org\/{rel}","templated":true}]}}